{"id":1535,"date":"2023-02-05T18:10:58","date_gmt":"2023-02-05T17:10:58","guid":{"rendered":"https:\/\/chrischona-grenzach-wyhlen.de\/?page_id=1535"},"modified":"2026-04-12T20:32:00","modified_gmt":"2026-04-12T18:32:00","slug":"breaktime","status":"publish","type":"page","link":"https:\/\/c1gw.de\/?page_id=1535","title":{"rendered":"BREAKT!ME"},"content":{"rendered":"\n<p>In unseren gem\u00fctlich umgebauten R\u00e4umen bieten wir einen Raum zur Begegnung. Neben einem Fingerfood- Buffet, Getr\u00e4nken &amp; Livemusik erwartet sie ein inspirierender Input. Jeweils ein geladener Gast wird uns in seinen Alltag mitnehmen und w\u00e4hrend einem kurzen Interview berichten.<\/p>\n\n\n\n<p>N\u00e4chster Termin: <strong>Sonntag,19. April 2026 um 10:30Uhr<\/strong> in der G\u00fcterstrasse 6a<\/p>\n\n\n\n<div class=\"wp-block-columns are-vertically-aligned-top is-layout-flex wp-container-core-columns-is-layout-9d6595d7 wp-block-columns-is-layout-flex\">\n<div class=\"wp-block-column is-layout-flow wp-block-column-is-layout-flow\">\n<figure class=\"wp-block-image size-large\"><img loading=\"lazy\" decoding=\"async\" width=\"724\" height=\"1024\" src=\"https:\/\/c1gw.de\/wp-content\/uploads\/breaktime_04f-724x1024.jpg\" alt=\"\" class=\"wp-image-2134\" srcset=\"https:\/\/c1gw.de\/wp-content\/uploads\/breaktime_04f-724x1024.jpg 724w, https:\/\/c1gw.de\/wp-content\/uploads\/breaktime_04f-212x300.jpg 212w, https:\/\/c1gw.de\/wp-content\/uploads\/breaktime_04f-768x1086.jpg 768w, https:\/\/c1gw.de\/wp-content\/uploads\/breaktime_04f-1086x1536.jpg 1086w, https:\/\/c1gw.de\/wp-content\/uploads\/breaktime_04f-1448x2048.jpg 1448w, https:\/\/c1gw.de\/wp-content\/uploads\/breaktime_04f-scaled.jpg 1811w\" sizes=\"auto, (max-width: 724px) 100vw, 724px\" \/><\/figure>\n<\/div>\n\n\n\n<div class=\"wp-block-column is-layout-flow wp-block-column-is-layout-flow\">\n<figure class=\"wp-block-image size-large\"><img loading=\"lazy\" decoding=\"async\" width=\"724\" height=\"1024\" src=\"https:\/\/c1gw.de\/wp-content\/uploads\/breaktime_04b-724x1024.jpg\" alt=\"\" class=\"wp-image-2133\" srcset=\"https:\/\/c1gw.de\/wp-content\/uploads\/breaktime_04b-724x1024.jpg 724w, https:\/\/c1gw.de\/wp-content\/uploads\/breaktime_04b-212x300.jpg 212w, https:\/\/c1gw.de\/wp-content\/uploads\/breaktime_04b-768x1086.jpg 768w, https:\/\/c1gw.de\/wp-content\/uploads\/breaktime_04b-1086x1536.jpg 1086w, https:\/\/c1gw.de\/wp-content\/uploads\/breaktime_04b-1448x2048.jpg 1448w, https:\/\/c1gw.de\/wp-content\/uploads\/breaktime_04b-scaled.jpg 1811w\" sizes=\"auto, (max-width: 724px) 100vw, 724px\" \/><\/figure>\n<\/div>\n<\/div>\n\n\n\n<p><strong>Termine 2026<\/strong><br>5. Juli  |  27. September  |  22. November<\/p>\n\n\n\n<p>&nbsp;<\/p>\n","protected":false},"excerpt":{"rendered":"<p>In unseren gem\u00fctlich umgebauten R\u00e4umen bieten wir einen Raum zur Begegnung. Neben einem Fingerfood- Buffet, Getr\u00e4nken &amp; Livemusik erwartet sie ein inspirierender Input. Jeweils ein geladener Gast wird uns in seinen Alltag mitnehmen und w\u00e4hrend einem kurzen Interview berichten. N\u00e4chster Termin: Sonntag,19. April 2026 um 10:30Uhr in der G\u00fcterstrasse 6a Termine 20265. Juli | 27. [&hellip;]<\/p>\n","protected":false},"author":1,"featured_media":0,"parent":0,"menu_order":0,"comment_status":"closed","ping_status":"closed","template":"","meta":{"footnotes":""},"class_list":["post-1535","page","type-page","status-publish","hentry","post"],"_links":{"self":[{"href":"https:\/\/c1gw.de\/index.php?rest_route=\/wp\/v2\/pages\/1535","targetHints":{"allow":["GET"]}}],"collection":[{"href":"https:\/\/c1gw.de\/index.php?rest_route=\/wp\/v2\/pages"}],"about":[{"href":"https:\/\/c1gw.de\/index.php?rest_route=\/wp\/v2\/types\/page"}],"author":[{"embeddable":true,"href":"https:\/\/c1gw.de\/index.php?rest_route=\/wp\/v2\/users\/1"}],"replies":[{"embeddable":true,"href":"https:\/\/c1gw.de\/index.php?rest_route=%2Fwp%2Fv2%2Fcomments&post=1535"}],"version-history":[{"count":10,"href":"https:\/\/c1gw.de\/index.php?rest_route=\/wp\/v2\/pages\/1535\/revisions"}],"predecessor-version":[{"id":2140,"href":"https:\/\/c1gw.de\/index.php?rest_route=\/wp\/v2\/pages\/1535\/revisions\/2140"}],"wp:attachment":[{"href":"https:\/\/c1gw.de\/index.php?rest_route=%2Fwp%2Fv2%2Fmedia&parent=1535"}],"curies":[{"name":"wp","href":"https:\/\/api.w.org\/{rel}","templated":true}]}}