{"id":2143,"date":"2026-04-21T21:31:27","date_gmt":"2026-04-21T19:31:27","guid":{"rendered":"https:\/\/c1gw.de\/?page_id=2143"},"modified":"2026-04-21T21:45:47","modified_gmt":"2026-04-21T19:45:47","slug":"strickkraenzen-reloaded","status":"publish","type":"page","link":"https:\/\/c1gw.de\/?page_id=2143","title":{"rendered":"Strickkr\u00e4nzen reloaded!"},"content":{"rendered":"\n<p>Treffen zum Stricken, H\u00e4keln, Basteln, N\u00e4hen, Reden, <br>Kaffee, Tee &#8230;<\/p>\n\n\n\n<figure class=\"wp-block-image size-large is-resized\"><img loading=\"lazy\" decoding=\"async\" width=\"1024\" height=\"685\" src=\"https:\/\/c1gw.de\/wp-content\/uploads\/IMG-20260317-WA0009-1024x685.jpg\" alt=\"\" class=\"wp-image-2145\" style=\"aspect-ratio:1.4949112952561037;width:419px;height:auto\" srcset=\"https:\/\/c1gw.de\/wp-content\/uploads\/IMG-20260317-WA0009-1024x685.jpg 1024w, https:\/\/c1gw.de\/wp-content\/uploads\/IMG-20260317-WA0009-300x201.jpg 300w, https:\/\/c1gw.de\/wp-content\/uploads\/IMG-20260317-WA0009-768x513.jpg 768w, https:\/\/c1gw.de\/wp-content\/uploads\/IMG-20260317-WA0009-1536x1027.jpg 1536w, https:\/\/c1gw.de\/wp-content\/uploads\/IMG-20260317-WA0009-272x182.jpg 272w, https:\/\/c1gw.de\/wp-content\/uploads\/IMG-20260317-WA0009.jpg 2048w\" sizes=\"auto, (max-width: 1024px) 100vw, 1024px\" \/><\/figure>\n\n\n\n<p>N\u00e4chster Termin: <strong>Donnerstag, 30 April 2026 um 15Uhr<\/strong> <br>in der G\u00fcterstrasse 6a<br><\/p>\n\n\n\n<p><strong>Termine 2026<\/strong><br>28. Mai \/ 25. Juni<\/p>\n","protected":false},"excerpt":{"rendered":"<p>Treffen zum Stricken, H\u00e4keln, Basteln, N\u00e4hen, Reden, Kaffee, Tee &#8230; N\u00e4chster Termin: Donnerstag, 30 April 2026 um 15Uhr in der G\u00fcterstrasse 6a Termine 202628. Mai \/ 25. Juni<\/p>\n","protected":false},"author":1,"featured_media":0,"parent":0,"menu_order":0,"comment_status":"closed","ping_status":"closed","template":"","meta":{"footnotes":""},"class_list":["post-2143","page","type-page","status-publish","hentry","post"],"_links":{"self":[{"href":"https:\/\/c1gw.de\/index.php?rest_route=\/wp\/v2\/pages\/2143","targetHints":{"allow":["GET"]}}],"collection":[{"href":"https:\/\/c1gw.de\/index.php?rest_route=\/wp\/v2\/pages"}],"about":[{"href":"https:\/\/c1gw.de\/index.php?rest_route=\/wp\/v2\/types\/page"}],"author":[{"embeddable":true,"href":"https:\/\/c1gw.de\/index.php?rest_route=\/wp\/v2\/users\/1"}],"replies":[{"embeddable":true,"href":"https:\/\/c1gw.de\/index.php?rest_route=%2Fwp%2Fv2%2Fcomments&post=2143"}],"version-history":[{"count":3,"href":"https:\/\/c1gw.de\/index.php?rest_route=\/wp\/v2\/pages\/2143\/revisions"}],"predecessor-version":[{"id":2156,"href":"https:\/\/c1gw.de\/index.php?rest_route=\/wp\/v2\/pages\/2143\/revisions\/2156"}],"wp:attachment":[{"href":"https:\/\/c1gw.de\/index.php?rest_route=%2Fwp%2Fv2%2Fmedia&parent=2143"}],"curies":[{"name":"wp","href":"https:\/\/api.w.org\/{rel}","templated":true}]}}