{"id":45,"date":"2017-07-25T19:47:43","date_gmt":"2017-07-25T17:47:43","guid":{"rendered":"http:\/\/neu.chrischona-grenzach-wyhlen.de\/?page_id=16"},"modified":"2025-09-16T23:24:30","modified_gmt":"2025-09-16T21:24:30","slug":"startseite","status":"publish","type":"page","link":"https:\/\/c1gw.de\/","title":{"rendered":"Herzlich Willkommen"},"content":{"rendered":"<link rel=\"Symbol\" href=\"https:\/\/c1gw.de\/wp-includes\/images\/c1.ico\">\n\n\n<p class=\"has-text-align-left\">Wir freuen uns \u00fcber Ihr Interesse an unserer Gemeinde. Mit diesen Seiten m\u00f6chten wir Ihnen gerne einen Einblick in unsere Gemeinde geben.<\/p>\n\n\n\n<p class=\"has-text-align-left\">Wir laden Sie herzlich ein, unsere Gottesdienste und andere Veranstaltungen in unseren R\u00e4umen in der G\u00fcterstra\u00dfe 6a zu besuchen.<\/p>\n\n\n\n<p><img loading=\"lazy\" decoding=\"async\" width=\"930\" height=\"465\" class=\"wp-image-1709\" style=\"width: 930px;\" src=\"https:\/\/c1gw.de\/wp-content\/uploads\/2024\/09\/IMG_20230317_183718-scaled.jpg\" alt=\"\" srcset=\"https:\/\/c1gw.de\/wp-content\/uploads\/2024\/09\/IMG_20230317_183718-scaled.jpg 2560w, https:\/\/c1gw.de\/wp-content\/uploads\/2024\/09\/IMG_20230317_183718-300x150.jpg 300w, https:\/\/c1gw.de\/wp-content\/uploads\/2024\/09\/IMG_20230317_183718-1024x512.jpg 1024w, https:\/\/c1gw.de\/wp-content\/uploads\/2024\/09\/IMG_20230317_183718-768x384.jpg 768w, https:\/\/c1gw.de\/wp-content\/uploads\/2024\/09\/IMG_20230317_183718-1536x768.jpg 1536w, https:\/\/c1gw.de\/wp-content\/uploads\/2024\/09\/IMG_20230317_183718-2048x1024.jpg 2048w, https:\/\/c1gw.de\/wp-content\/uploads\/2024\/09\/IMG_20230317_183718-960x480.jpg 960w\" sizes=\"auto, (max-width: 930px) 100vw, 930px\" \/> <br><br>Wir w\u00fcnschen Ihnen, dass Sie viele Anregungen bekommen, neu \u00fcber den Glauben an Jesus Christus nachdenken und neue Lebensperspektiven entdecken.<\/p>\n\n\n\n<div class=\"wp-block-buttons is-layout-flex wp-block-buttons-is-layout-flex\"><\/div>\n\n\n\n<p>Ein paar Inputs gibt es <a href=\"https:\/\/c1gw.de\/?page_id=56\" data-type=\"page\" data-id=\"56\">HIER<\/a>.<\/p>\n\n\n\n<p><\/p>\n\n\n\n<div class=\"wp-block-buttons is-layout-flex wp-block-buttons-is-layout-flex\"><\/div>\n","protected":false},"excerpt":{"rendered":"<p>Wir freuen uns \u00fcber Ihr Interesse an unserer Gemeinde. Mit diesen Seiten m\u00f6chten wir Ihnen gerne einen Einblick in unsere Gemeinde geben. Wir laden Sie herzlich ein, unsere Gottesdienste und andere Veranstaltungen in unseren R\u00e4umen in der G\u00fcterstra\u00dfe 6a zu besuchen. Wir w\u00fcnschen Ihnen, dass Sie viele Anregungen bekommen, neu \u00fcber den Glauben an Jesus [&hellip;]<\/p>\n","protected":false},"author":1,"featured_media":0,"parent":0,"menu_order":0,"comment_status":"closed","ping_status":"closed","template":"","meta":{"footnotes":""},"class_list":["post-45","page","type-page","status-publish","hentry","post"],"_links":{"self":[{"href":"https:\/\/c1gw.de\/index.php?rest_route=\/wp\/v2\/pages\/45","targetHints":{"allow":["GET"]}}],"collection":[{"href":"https:\/\/c1gw.de\/index.php?rest_route=\/wp\/v2\/pages"}],"about":[{"href":"https:\/\/c1gw.de\/index.php?rest_route=\/wp\/v2\/types\/page"}],"author":[{"embeddable":true,"href":"https:\/\/c1gw.de\/index.php?rest_route=\/wp\/v2\/users\/1"}],"replies":[{"embeddable":true,"href":"https:\/\/c1gw.de\/index.php?rest_route=%2Fwp%2Fv2%2Fcomments&post=45"}],"version-history":[{"count":9,"href":"https:\/\/c1gw.de\/index.php?rest_route=\/wp\/v2\/pages\/45\/revisions"}],"predecessor-version":[{"id":2068,"href":"https:\/\/c1gw.de\/index.php?rest_route=\/wp\/v2\/pages\/45\/revisions\/2068"}],"wp:attachment":[{"href":"https:\/\/c1gw.de\/index.php?rest_route=%2Fwp%2Fv2%2Fmedia&parent=45"}],"curies":[{"name":"wp","href":"https:\/\/api.w.org\/{rel}","templated":true}]}}