{"id":49,"date":"2017-07-25T19:47:43","date_gmt":"2017-07-25T17:47:43","guid":{"rendered":"http:\/\/neu.chrischona-grenzach-wyhlen.de\/?page_id=18"},"modified":"2024-09-29T01:22:46","modified_gmt":"2024-09-28T23:22:46","slug":"kontakt","status":"publish","type":"page","link":"https:\/\/c1gw.de\/?page_id=49","title":{"rendered":"Kontakt"},"content":{"rendered":"<p><b>Gemeindeleitung<\/b><br \/>\nOlaf Degenhardt<br \/>\nTel. B\u00fcro 07624 &#8211; 87 99 | G\u00fcterstr. 6a<br \/>\npost[at]c1gw.de<\/p>\n<p><b>Sonstige Ansprechpartner<\/b><br \/>\n\u00c4ltester | Olaf Degenhardt Tel. 07624 &#8211; 2524<\/p>\n<p><strong>Bankverbindung f\u00fcr Spenden:<br \/>\n<\/strong>C1 Gemeinde Grenzach-Wyhlen<br \/>\nSparkasse Markgr\u00e4ferland<br \/>\nBIC: SOLADES1MGL<br \/>\nIBAN: DE45 6835 1865 0007 2638 09<\/p>\n<p>F\u00f6rderverein der<br \/>\nC1 Gemeinde Grenzach-Wyhlen<br \/>\nSparkasse L\u00f6rrach-Rheinfelden<br \/>\nBIC: SKLODE66XXX<br \/>\nIBAN: DE14 6835 0048 0001 0825 44<\/p>\n","protected":false},"excerpt":{"rendered":"<p>Gemeindeleitung Olaf Degenhardt Tel. B\u00fcro 07624 &#8211; 87 99 | G\u00fcterstr. 6a post[at]c1gw.de Sonstige Ansprechpartner \u00c4ltester | Olaf Degenhardt Tel. 07624 &#8211; 2524 Bankverbindung f\u00fcr Spenden: C1 Gemeinde Grenzach-Wyhlen Sparkasse Markgr\u00e4ferland BIC: SOLADES1MGL IBAN: DE45 6835 1865 0007 2638 09 F\u00f6rderverein der C1 Gemeinde Grenzach-Wyhlen Sparkasse L\u00f6rrach-Rheinfelden BIC: SKLODE66XXX IBAN: DE14 6835 0048 0001 0825 [&hellip;]<\/p>\n","protected":false},"author":1,"featured_media":0,"parent":0,"menu_order":0,"comment_status":"closed","ping_status":"closed","template":"","meta":{"footnotes":""},"class_list":["post-49","page","type-page","status-publish","hentry","post"],"_links":{"self":[{"href":"https:\/\/c1gw.de\/index.php?rest_route=\/wp\/v2\/pages\/49","targetHints":{"allow":["GET"]}}],"collection":[{"href":"https:\/\/c1gw.de\/index.php?rest_route=\/wp\/v2\/pages"}],"about":[{"href":"https:\/\/c1gw.de\/index.php?rest_route=\/wp\/v2\/types\/page"}],"author":[{"embeddable":true,"href":"https:\/\/c1gw.de\/index.php?rest_route=\/wp\/v2\/users\/1"}],"replies":[{"embeddable":true,"href":"https:\/\/c1gw.de\/index.php?rest_route=%2Fwp%2Fv2%2Fcomments&post=49"}],"version-history":[{"count":1,"href":"https:\/\/c1gw.de\/index.php?rest_route=\/wp\/v2\/pages\/49\/revisions"}],"predecessor-version":[{"id":1785,"href":"https:\/\/c1gw.de\/index.php?rest_route=\/wp\/v2\/pages\/49\/revisions\/1785"}],"wp:attachment":[{"href":"https:\/\/c1gw.de\/index.php?rest_route=%2Fwp%2Fv2%2Fmedia&parent=49"}],"curies":[{"name":"wp","href":"https:\/\/api.w.org\/{rel}","templated":true}]}}