{"id":51,"date":"2017-07-25T19:47:43","date_gmt":"2017-07-25T17:47:43","guid":{"rendered":"http:\/\/neu.chrischona-grenzach-wyhlen.de\/?page_id=19"},"modified":"2026-04-12T20:26:57","modified_gmt":"2026-04-12T18:26:57","slug":"termine","status":"publish","type":"page","link":"https:\/\/c1gw.de\/?page_id=51","title":{"rendered":"Termine"},"content":{"rendered":"\n<figure class=\"wp-block-image size-full is-resized\"><img loading=\"lazy\" decoding=\"async\" width=\"1000\" height=\"707\" src=\"https:\/\/c1gw.de\/wp-content\/uploads\/jahreskalender_2026.png\" alt=\"\" class=\"wp-image-2101\" style=\"aspect-ratio:1;object-fit:cover;width:389px;height:auto\" srcset=\"https:\/\/c1gw.de\/wp-content\/uploads\/jahreskalender_2026.png 1000w, https:\/\/c1gw.de\/wp-content\/uploads\/jahreskalender_2026-300x212.png 300w, https:\/\/c1gw.de\/wp-content\/uploads\/jahreskalender_2026-768x543.png 768w\" sizes=\"auto, (max-width: 1000px) 100vw, 1000px\" \/><\/figure>\n\n\n<h1>Veranstaltung(en)<\/h1>\n<p><b>Donnerstag,\u00a0 16. April <\/b>ab 14:30Uhr<b> :\u00a0 <a href=\"https:\/\/c1gw.de\/kaffeezeit\/\">Kaffeezeit<\/a><br \/><\/b>kaffee. kuchen. meet.\u00a0<b><br \/><\/b><\/p>\n<p><b>Freitag,\u00a0 24. April <\/b>ab 19Uhr<b> :\u00a0 <a href=\"https:\/\/c1gw.de\/cinetme\/\">Cinet!me<\/a><br \/><\/b>eat. drink. meet.\u00a0 \u00a0+++ kino +++<\/p>\n<p><strong>Sonntag,\u00a0 19. April <\/strong>10:30Uhr:\u00a0 <strong><a href=\"https:\/\/c1gw.de\/breaktime\/\">Breakt!me<\/a><br \/><\/strong>fingerfood-brunch. interview. meet. +++ livemusik +++<\/p>\n<h1>Regelm\u00e4\u00dfige Termine<\/h1>\n<p><b>SONNTAG<br \/><\/b><\/p>\n<p><b>10:30 Uhr <a href=\"https:\/\/c1gw.de\/angebote\/\">Gottesdienst<\/a><\/b><br \/>F\u00fcr Kinder steht ein Betreuungsraum mit Spielm\u00f6glichkeiten zur Verf\u00fcgung,<br \/>in dem auch der Gottesdienst \u00fcbertragen wird.<\/p>\n<p><strong>DIENSTAG<\/strong><br \/>19:00 Uhr Gebetskreis (14-t\u00e4gig)<br \/>19:00 Uhr Bibelkreis (14-t\u00e4gig)<\/p>\n<p><strong>MITTWOCH<\/strong><br \/>20:00 Uhr Musikprobe\u00a0<br \/>20:30 Uhr Hauskreis in Wyhlen (14-t\u00e4gig)<\/p>\n<p><strong>DONNERSTAG<\/strong><br \/>19:00 Uhr Hauskreis in Grenzach (14-t\u00e4gig)<\/p>\n<p>Bei Interesse einfach per Email oder Telefon <a href=\"https:\/\/c1gw.de\/contact-us\/\">Kontakt<\/a> aufnehmen.<\/p>\n<p>Bitte beachten Sie den aktuellen Kalender, da manche <br \/>Veranstaltungen 14-t\u00e4gig stattfinden oder in den <br \/>Schulferien pausieren.<\/p>","protected":false},"excerpt":{"rendered":"<p>Veranstaltung(en) Donnerstag,\u00a0 16. April ab 14:30Uhr :\u00a0 Kaffeezeitkaffee. kuchen. meet.\u00a0 Freitag,\u00a0 24. April ab 19Uhr :\u00a0 Cinet!meeat. drink. meet.\u00a0 \u00a0+++ kino +++ Sonntag,\u00a0 19. April 10:30Uhr:\u00a0 Breakt!mefingerfood-brunch. interview. meet. +++ livemusik +++ Regelm\u00e4\u00dfige Termine SONNTAG 10:30 Uhr GottesdienstF\u00fcr Kinder steht ein Betreuungsraum mit Spielm\u00f6glichkeiten zur Verf\u00fcgung,in dem auch der Gottesdienst \u00fcbertragen wird. DIENSTAG19:00 Uhr Gebetskreis [&hellip;]<\/p>\n","protected":false},"author":1,"featured_media":0,"parent":0,"menu_order":0,"comment_status":"closed","ping_status":"closed","template":"","meta":{"footnotes":""},"class_list":["post-51","page","type-page","status-publish","hentry","post"],"_links":{"self":[{"href":"https:\/\/c1gw.de\/index.php?rest_route=\/wp\/v2\/pages\/51","targetHints":{"allow":["GET"]}}],"collection":[{"href":"https:\/\/c1gw.de\/index.php?rest_route=\/wp\/v2\/pages"}],"about":[{"href":"https:\/\/c1gw.de\/index.php?rest_route=\/wp\/v2\/types\/page"}],"author":[{"embeddable":true,"href":"https:\/\/c1gw.de\/index.php?rest_route=\/wp\/v2\/users\/1"}],"replies":[{"embeddable":true,"href":"https:\/\/c1gw.de\/index.php?rest_route=%2Fwp%2Fv2%2Fcomments&post=51"}],"version-history":[{"count":10,"href":"https:\/\/c1gw.de\/index.php?rest_route=\/wp\/v2\/pages\/51\/revisions"}],"predecessor-version":[{"id":2137,"href":"https:\/\/c1gw.de\/index.php?rest_route=\/wp\/v2\/pages\/51\/revisions\/2137"}],"wp:attachment":[{"href":"https:\/\/c1gw.de\/index.php?rest_route=%2Fwp%2Fv2%2Fmedia&parent=51"}],"curies":[{"name":"wp","href":"https:\/\/api.w.org\/{rel}","templated":true}]}}