{"id":54,"date":"2017-07-25T19:54:42","date_gmt":"2017-07-25T17:54:42","guid":{"rendered":"http:\/\/neu.chrischona-grenzach-wyhlen.de\/?page_id=47"},"modified":"2025-02-09T19:20:27","modified_gmt":"2025-02-09T18:20:27","slug":"angebote","status":"publish","type":"page","link":"https:\/\/c1gw.de\/?page_id=54","title":{"rendered":"Was bieten wir an"},"content":{"rendered":"\n<figure class=\"wp-block-image size-large is-resized\"><img loading=\"lazy\" decoding=\"async\" width=\"1024\" height=\"512\" src=\"https:\/\/c1gw.de\/wp-content\/uploads\/2024\/09\/IMG_20230317_183202-1024x512.jpg\" alt=\"\" class=\"wp-image-1707\" style=\"width:714px;height:auto\" srcset=\"https:\/\/c1gw.de\/wp-content\/uploads\/2024\/09\/IMG_20230317_183202-1024x512.jpg 1024w, https:\/\/c1gw.de\/wp-content\/uploads\/2024\/09\/IMG_20230317_183202-300x150.jpg 300w, https:\/\/c1gw.de\/wp-content\/uploads\/2024\/09\/IMG_20230317_183202-768x384.jpg 768w, https:\/\/c1gw.de\/wp-content\/uploads\/2024\/09\/IMG_20230317_183202-1536x768.jpg 1536w, https:\/\/c1gw.de\/wp-content\/uploads\/2024\/09\/IMG_20230317_183202-2048x1024.jpg 2048w, https:\/\/c1gw.de\/wp-content\/uploads\/2024\/09\/IMG_20230317_183202-960x480.jpg 960w\" sizes=\"auto, (max-width: 1024px) 100vw, 1024px\" \/><\/figure>\n\n\n\n<p>Wir bieten verschiedene Veranstaltungen an, einfach mal rein schauen \ud83d\ude09.<\/p>\n\n\n\n<p>Hier klicken f\u00fcr <a href=\"https:\/\/c1gw.de\/angebote\/\" data-type=\"page\" data-id=\"54\">Angebote<\/a><\/p>\n\n\n\n<p><b>Mit Gott feiern: GOTTESDIENST<\/b><br>Sonntags trifft sich die ganze Gemeinde, jung und alt, um Gottesdienst zu feiern: loslassen was in der <br>Woche war, auftanken, gemeinsam Gott loben in Liedern und Gebeten, Impulse aus Gottes Wort <br>bekommen, Gott und anderen Menschen begegnen.<\/p>\n\n\n\n<p>F\u00fcr Kinder (Begleitung ihrer Eltern m\u00f6glich) gibt es einen separaten Betreuungsraum mit <br>Spielm\u00f6glichkeiten und Audio-\u00dcbertragung aus dem Gottesdienstraum.<\/p>\n\n\n\n<p>Jeden Sonntag gibt es hinterher noch die M\u00f6glichkeit bei einer Tasse Kaffee, Tee und Geb\u00e4ck gesellig <br>zu verweilen. Ab und an wird auch ein gemeinsames Mittagessen angeboten.<\/p>\n\n\n\n<figure class=\"wp-block-image size-large is-resized\"><img loading=\"lazy\" decoding=\"async\" width=\"1024\" height=\"576\" src=\"https:\/\/c1gw.de\/wp-content\/uploads\/2016-11-26_20-23-06-1024x576.jpg\" alt=\"\" class=\"wp-image-1874\" style=\"width:716px;height:auto\" srcset=\"https:\/\/c1gw.de\/wp-content\/uploads\/2016-11-26_20-23-06-1024x576.jpg 1024w, https:\/\/c1gw.de\/wp-content\/uploads\/2016-11-26_20-23-06-300x169.jpg 300w, https:\/\/c1gw.de\/wp-content\/uploads\/2016-11-26_20-23-06-768x432.jpg 768w, https:\/\/c1gw.de\/wp-content\/uploads\/2016-11-26_20-23-06-1536x864.jpg 1536w, https:\/\/c1gw.de\/wp-content\/uploads\/2016-11-26_20-23-06-2048x1152.jpg 2048w\" sizes=\"auto, (max-width: 1024px) 100vw, 1024px\" \/><\/figure>\n\n\n\n<p><\/p>\n\n\n\n<p><\/p>\n\n\n\n<p><b>BIBELKREIS: damit Glaube wachsen kann<\/b><br>Lebhafte Gespr\u00e4che \u00fcber einen Bibeltext gibt es alle vierzehn Tage im Bibelgespr\u00e4chskreis. Menschen<br>unterschiedlichen Alters besch\u00e4ftigen sich mit einem Abschnitt der Bibel. Der Prediger gibt jeweils eine<br>Einf\u00fchrung und Auslegung zum aktuellen Text. Jeder tr\u00e4gt seine Gedanken und pers\u00f6nlichen Erfahrungen <br>dazu bei. Das hilft, die Gedanken des Textes im Alltag umzusetzen.<\/p>\n\n\n\n<figure class=\"wp-block-image is-resized\"><img decoding=\"async\" src=\"https:\/\/c1gw.de\/wp-content\/uploads\/2017\/07\/Buch-mit-Herz_a.jpg\" alt=\"\" class=\"wp-image-304\" style=\"width:714px;height:auto\"\/><\/figure>\n\n\n\n<p><\/p>\n\n\n\n<p><b>GEBETSKREISE: Gott mit dem Herzen suchen<\/b><br>Gemeinde lebt vom Gebet, Glaube ist nicht machbar, deshalb nehmen wir die Einladung Gottes an:<br>&#8222;Bittet, so wird euch gegeben.&#8220; Matth\u00e4us 7,7<br>Dienstags findet alle 14 Tage um 19Uhr ein Gebetskreis im Gemeindezentrum statt. Gemeinsam danken <br>wir Gott und bitten ihn f\u00fcr konkrete Anliegen von einzelnen Menschen, Kreisen, Veranstaltungen sowie <br>Lokal- und Weltpolitik. Dankbar erleben wir, dass Gott Gebete erh\u00f6rt.<\/p>\n\n\n\n<figure class=\"wp-block-image is-resized\"><img decoding=\"async\" src=\"https:\/\/c1gw.de\/wp-content\/uploads\/2019\/01\/circle-1485423.jpg\" alt=\"\" class=\"wp-image-717\" style=\"width:712px;height:auto\"\/><\/figure>\n\n\n\n<p><\/p>\n\n\n\n<p><strong>KLEINGRUPPEN: nicht einsam, sondern gemeinsam<br><\/strong>In unseren Hauskreisen treffen sich Kleingruppen von je ca. 4-10 Personen zum Beten, Bibelstudium,<br>Gedankenaustausch und \/ oder Singen regelm\u00e4\u00dfig in Privatwohnungen. Die Gemeinschaft im christlichen<br>Glauben ist wichtig und kann in diesen Kleinzellen authentisch gelebt werden. Der Hauskreis bietet jedem<br>Teilnehmer die M\u00f6glichkeit sich mit eigenen Beitr\u00e4gen aktiv zu beteiligen, zu diskutieren und pers\u00f6nliche<br>Fragen zu kl\u00e4ren. Auch gemeinsame Unternehmungen wie Ausfl\u00fcge, gemeinsames Essen und Spieleabende<br>kommen nicht zu kurz.<\/p>\n","protected":false},"excerpt":{"rendered":"<p>Wir bieten verschiedene Veranstaltungen an, einfach mal rein schauen \ud83d\ude09. Hier klicken f\u00fcr Angebote Mit Gott feiern: GOTTESDIENSTSonntags trifft sich die ganze Gemeinde, jung und alt, um Gottesdienst zu feiern: loslassen was in der Woche war, auftanken, gemeinsam Gott loben in Liedern und Gebeten, Impulse aus Gottes Wort bekommen, Gott und anderen Menschen begegnen. F\u00fcr [&hellip;]<\/p>\n","protected":false},"author":1,"featured_media":0,"parent":0,"menu_order":0,"comment_status":"closed","ping_status":"closed","template":"","meta":{"footnotes":""},"class_list":["post-54","page","type-page","status-publish","hentry","post"],"_links":{"self":[{"href":"https:\/\/c1gw.de\/index.php?rest_route=\/wp\/v2\/pages\/54","targetHints":{"allow":["GET"]}}],"collection":[{"href":"https:\/\/c1gw.de\/index.php?rest_route=\/wp\/v2\/pages"}],"about":[{"href":"https:\/\/c1gw.de\/index.php?rest_route=\/wp\/v2\/types\/page"}],"author":[{"embeddable":true,"href":"https:\/\/c1gw.de\/index.php?rest_route=\/wp\/v2\/users\/1"}],"replies":[{"embeddable":true,"href":"https:\/\/c1gw.de\/index.php?rest_route=%2Fwp%2Fv2%2Fcomments&post=54"}],"version-history":[{"count":8,"href":"https:\/\/c1gw.de\/index.php?rest_route=\/wp\/v2\/pages\/54\/revisions"}],"predecessor-version":[{"id":1946,"href":"https:\/\/c1gw.de\/index.php?rest_route=\/wp\/v2\/pages\/54\/revisions\/1946"}],"wp:attachment":[{"href":"https:\/\/c1gw.de\/index.php?rest_route=%2Fwp%2Fv2%2Fmedia&parent=54"}],"curies":[{"name":"wp","href":"https:\/\/api.w.org\/{rel}","templated":true}]}}